{"id":8739,"date":"2024-01-31T05:58:38","date_gmt":"2024-01-31T05:58:38","guid":{"rendered":"https:\/\/designingmedia.com\/pawsh\/?post_type=product&#038;p=8739"},"modified":"2026-02-04T15:43:04","modified_gmt":"2026-02-04T12:43:04","slug":"purina-of-the-lata-hills-3","status":"publish","type":"product","link":"https:\/\/demo.fontdijitalmedya.com\/veteriner-websitesi\/urun\/purina-of-the-lata-hills-3\/","title":{"rendered":"Eri\u015fkin K\u00f6pek Mamas\u0131"},"content":{"rendered":"","protected":false},"excerpt":{"rendered":"","protected":false},"featured_media":7386,"comment_status":"open","ping_status":"closed","template":"","meta":[],"product_brand":[],"product_cat":[20],"product_tag":[],"class_list":{"0":"post-8739","1":"product","2":"type-product","3":"status-publish","4":"has-post-thumbnail","6":"product_cat-eriskin","8":"first","9":"instock","10":"shipping-taxable","11":"purchasable","12":"product-type-simple"},"_links":{"self":[{"href":"https:\/\/demo.fontdijitalmedya.com\/veteriner-websitesi\/wp-json\/wp\/v2\/product\/8739","targetHints":{"allow":["GET"]}}],"collection":[{"href":"https:\/\/demo.fontdijitalmedya.com\/veteriner-websitesi\/wp-json\/wp\/v2\/product"}],"about":[{"href":"https:\/\/demo.fontdijitalmedya.com\/veteriner-websitesi\/wp-json\/wp\/v2\/types\/product"}],"replies":[{"embeddable":true,"href":"https:\/\/demo.fontdijitalmedya.com\/veteriner-websitesi\/wp-json\/wp\/v2\/comments?post=8739"}],"wp:featuredmedia":[{"embeddable":true,"href":"https:\/\/demo.fontdijitalmedya.com\/veteriner-websitesi\/wp-json\/wp\/v2\/media\/7386"}],"wp:attachment":[{"href":"https:\/\/demo.fontdijitalmedya.com\/veteriner-websitesi\/wp-json\/wp\/v2\/media?parent=8739"}],"wp:term":[{"taxonomy":"product_brand","embeddable":true,"href":"https:\/\/demo.fontdijitalmedya.com\/veteriner-websitesi\/wp-json\/wp\/v2\/product_brand?post=8739"},{"taxonomy":"product_cat","embeddable":true,"href":"https:\/\/demo.fontdijitalmedya.com\/veteriner-websitesi\/wp-json\/wp\/v2\/product_cat?post=8739"},{"taxonomy":"product_tag","embeddable":true,"href":"https:\/\/demo.fontdijitalmedya.com\/veteriner-websitesi\/wp-json\/wp\/v2\/product_tag?post=8739"}],"curies":[{"name":"wp","href":"https:\/\/api.w.org\/{rel}","templated":true}]}}